{"id":230,"date":"2021-05-08T08:44:37","date_gmt":"2021-05-08T08:44:37","guid":{"rendered":"https:\/\/www.adiyamanguvenlikkamera.com\/index.php\/services\/"},"modified":"2023-11-19T12:05:57","modified_gmt":"2023-11-19T12:05:57","slug":"services","status":"publish","type":"page","link":"https:\/\/www.adiyamanguvenlikkamera.com\/index.php\/services\/","title":{"rendered":"Services"},"content":{"rendered":"\t\t<div data-elementor-type=\"wp-page\" data-elementor-id=\"230\" class=\"elementor elementor-230\">\n\t\t\t\t\t\t<section class=\"elementor-section elementor-top-section elementor-element elementor-element-3549248 elementor-section-boxed elementor-section-height-default elementor-section-height-default\" data-id=\"3549248\" data-element_type=\"section\" data-settings=\"{&quot;background_background&quot;:&quot;classic&quot;}\">\n\t\t\t\t\t\t<div class=\"elementor-container elementor-column-gap-no\">\n\t\t\t\t\t<div class=\"elementor-column elementor-col-100 elementor-top-column elementor-element elementor-element-073fbb5\" data-id=\"073fbb5\" data-element_type=\"column\">\n\t\t\t<div class=\"elementor-widget-wrap elementor-element-populated\">\n\t\t\t\t\t\t<div class=\"elementor-element elementor-element-5158c6c elementor-widget elementor-widget-heading\" data-id=\"5158c6c\" data-element_type=\"widget\" data-widget_type=\"heading.default\">\n\t\t\t\t<div class=\"elementor-widget-container\">\n\t\t\t\t\t<h1 class=\"elementor-heading-title elementor-size-default\">Hizmetlerimiz<\/h1>\t\t\t\t<\/div>\n\t\t\t\t<\/div>\n\t\t\t\t<div class=\"elementor-element elementor-element-d8a3f71 elementor-widget-divider--view-line elementor-widget elementor-widget-divider\" data-id=\"d8a3f71\" data-element_type=\"widget\" data-widget_type=\"divider.default\">\n\t\t\t\t<div class=\"elementor-widget-container\">\n\t\t\t\t\t\t\t<div class=\"elementor-divider\">\n\t\t\t<span class=\"elementor-divider-separator\">\n\t\t\t\t\t\t<\/span>\n\t\t<\/div>\n\t\t\t\t\t\t<\/div>\n\t\t\t\t<\/div>\n\t\t\t\t\t<\/div>\n\t\t<\/div>\n\t\t\t\t\t<\/div>\n\t\t<\/section>\n\t\t\t\t<section class=\"elementor-section elementor-top-section elementor-element elementor-element-41ddea3 elementor-section-boxed elementor-section-height-default elementor-section-height-default\" data-id=\"41ddea3\" data-element_type=\"section\" data-settings=\"{&quot;background_background&quot;:&quot;classic&quot;}\">\n\t\t\t\t\t\t<div class=\"elementor-container elementor-column-gap-no\">\n\t\t\t\t\t<div class=\"elementor-column elementor-col-100 elementor-top-column elementor-element elementor-element-87f5ba6\" data-id=\"87f5ba6\" data-element_type=\"column\">\n\t\t\t<div class=\"elementor-widget-wrap elementor-element-populated\">\n\t\t\t\t\t\t<div class=\"elementor-element elementor-element-14f3b5a elementor-widget elementor-widget-heading\" data-id=\"14f3b5a\" data-element_type=\"widget\" data-widget_type=\"heading.default\">\n\t\t\t\t<div class=\"elementor-widget-container\">\n\t\t\t\t\t<h2 class=\"elementor-heading-title elementor-size-default\">\u00dcr\u00fcnler<\/h2>\t\t\t\t<\/div>\n\t\t\t\t<\/div>\n\t\t\t\t<div class=\"elementor-element elementor-element-f53b10c elementor-widget elementor-widget-text-editor\" data-id=\"f53b10c\" data-element_type=\"widget\" data-widget_type=\"text-editor.default\">\n\t\t\t\t<div class=\"elementor-widget-container\">\n\t\t\t\t\t\t\t\t\t<p>Ad\u0131yaman&#8217;\u0131n g\u00fcvenlik ihtiya\u00e7lar\u0131n\u0131 kar\u015f\u0131lamak i\u00e7in en iyi hizmeti sunuyoruz. G\u00fcvenli\u011finiz bizim i\u00e7in en \u00f6nemli \u00f6nceliktir ve bu nedenle son teknoloji g\u00fcvenlik kamera sistemleri ile donat\u0131lm\u0131\u015f profesyonel hizmetler sunuyoruz<\/p>\t\t\t\t\t\t\t\t<\/div>\n\t\t\t\t<\/div>\n\t\t\t\t<div class=\"elementor-element elementor-element-0cfb4bd elementor-widget__width-initial elementor-widget-mobile__width-inherit elementor-widget-tablet__width-initial elementor-position-top elementor-widget elementor-widget-image-box\" data-id=\"0cfb4bd\" data-element_type=\"widget\" data-widget_type=\"image-box.default\">\n\t\t\t\t<div class=\"elementor-widget-container\">\n\t\t\t\t\t<div class=\"elementor-image-box-wrapper\"><figure class=\"elementor-image-box-img\"><a href=\"#\" tabindex=\"-1\"><img fetchpriority=\"high\" decoding=\"async\" width=\"300\" height=\"300\" src=\"https:\/\/www.adiyamanguvenlikkamera.com\/wp-content\/uploads\/2023\/11\/CBROGGMAQE7282020173136_elit-8-kamerali-set-kare-300x300.jpg\" class=\"attachment-medium size-medium wp-image-942\" alt=\"\" srcset=\"https:\/\/www.adiyamanguvenlikkamera.com\/wp-content\/uploads\/2023\/11\/CBROGGMAQE7282020173136_elit-8-kamerali-set-kare-300x300.jpg 300w, https:\/\/www.adiyamanguvenlikkamera.com\/wp-content\/uploads\/2023\/11\/CBROGGMAQE7282020173136_elit-8-kamerali-set-kare-1024x1024.jpg 1024w, https:\/\/www.adiyamanguvenlikkamera.com\/wp-content\/uploads\/2023\/11\/CBROGGMAQE7282020173136_elit-8-kamerali-set-kare-150x150.jpg 150w, https:\/\/www.adiyamanguvenlikkamera.com\/wp-content\/uploads\/2023\/11\/CBROGGMAQE7282020173136_elit-8-kamerali-set-kare-768x768.jpg 768w, https:\/\/www.adiyamanguvenlikkamera.com\/wp-content\/uploads\/2023\/11\/CBROGGMAQE7282020173136_elit-8-kamerali-set-kare.jpg 1500w\" sizes=\"(max-width: 300px) 100vw, 300px\" \/><\/a><\/figure><div class=\"elementor-image-box-content\"><h4 class=\"elementor-image-box-title\"><a href=\"#\">AHD ve IP G\u00fcvenlik Kamera Sistemleri<\/a><\/h4><p class=\"elementor-image-box-description\">AHD ve IP teknolojileri ile donat\u0131lm\u0131\u015f g\u00fcvenlik kamera sistemleri, m\u00fclk\u00fcn\u00fcz\u00fc ve i\u015fletmenizi korumak i\u00e7in y\u00fcksek \u00e7\u00f6z\u00fcn\u00fcrl\u00fck ve g\u00fcvenilirlik sunar.<\/p><\/div><\/div>\t\t\t\t<\/div>\n\t\t\t\t<\/div>\n\t\t\t\t<div class=\"elementor-element elementor-element-6da97b2 elementor-widget__width-initial elementor-widget-mobile__width-inherit elementor-widget-tablet__width-initial elementor-position-top elementor-widget elementor-widget-image-box\" data-id=\"6da97b2\" data-element_type=\"widget\" data-widget_type=\"image-box.default\">\n\t\t\t\t<div class=\"elementor-widget-container\">\n\t\t\t\t\t<div class=\"elementor-image-box-wrapper\"><figure class=\"elementor-image-box-img\"><a href=\"#\" tabindex=\"-1\"><img decoding=\"async\" width=\"1536\" height=\"798\" src=\"https:\/\/www.adiyamanguvenlikkamera.com\/wp-content\/uploads\/2023\/11\/personel-takip-sistemi.webp\" class=\"attachment-full size-full wp-image-946\" alt=\"\" srcset=\"https:\/\/www.adiyamanguvenlikkamera.com\/wp-content\/uploads\/2023\/11\/personel-takip-sistemi.webp 1536w, https:\/\/www.adiyamanguvenlikkamera.com\/wp-content\/uploads\/2023\/11\/personel-takip-sistemi-300x156.webp 300w, https:\/\/www.adiyamanguvenlikkamera.com\/wp-content\/uploads\/2023\/11\/personel-takip-sistemi-1024x532.webp 1024w, https:\/\/www.adiyamanguvenlikkamera.com\/wp-content\/uploads\/2023\/11\/personel-takip-sistemi-768x399.webp 768w\" sizes=\"(max-width: 1536px) 100vw, 1536px\" \/><\/a><\/figure><div class=\"elementor-image-box-content\"><h4 class=\"elementor-image-box-title\"><a href=\"#\">Personel Takip ve Kontrol Ge\u00e7i\u015f Sistemleri<\/a><\/h4><p class=\"elementor-image-box-description\">Kontrol ge\u00e7i\u015f sistemlerimizle tan\u0131\u015f\u0131n. Personel takip, \u00e7al\u0131\u015fanlar\u0131n\u0131z\u0131n giri\u015f ve \u00e7\u0131k\u0131\u015f saatlerini kaydetmekten, belirli alanlara eri\u015fimlerini izlemeye kadar bir dizi avantaj sunar. <\/p><\/div><\/div>\t\t\t\t<\/div>\n\t\t\t\t<\/div>\n\t\t\t\t<div class=\"elementor-element elementor-element-b3f9fda elementor-widget__width-initial elementor-widget-mobile__width-inherit elementor-widget-tablet__width-initial elementor-position-top elementor-widget elementor-widget-image-box\" data-id=\"b3f9fda\" data-element_type=\"widget\" data-widget_type=\"image-box.default\">\n\t\t\t\t<div class=\"elementor-widget-container\">\n\t\t\t\t\t<div class=\"elementor-image-box-wrapper\"><figure class=\"elementor-image-box-img\"><a href=\"#\" tabindex=\"-1\"><img decoding=\"async\" width=\"300\" height=\"208\" src=\"https:\/\/www.adiyamanguvenlikkamera.com\/wp-content\/uploads\/2023\/11\/www-300x208-1.png\" class=\"attachment-full size-full wp-image-862\" alt=\"\" \/><\/a><\/figure><div class=\"elementor-image-box-content\"><h4 class=\"elementor-image-box-title\"><a href=\"#\">Alarm Sistemi<\/a><\/h4><p class=\"elementor-image-box-description\">Alarm sistemleri, h\u0131rs\u0131zl\u0131k, yang\u0131n, gaz s\u0131z\u0131nt\u0131s\u0131 ve di\u011fer acil durumlar gibi tehlikeli olaylar\u0131 tespit eder ve sizi veya ilgili yetkilileri h\u0131zla bilgilendirir.<\/p><\/div><\/div>\t\t\t\t<\/div>\n\t\t\t\t<\/div>\n\t\t\t\t<div class=\"elementor-element elementor-element-7d48554 elementor-widget__width-initial elementor-widget-mobile__width-inherit elementor-widget-tablet__width-initial elementor-position-top elementor-widget elementor-widget-image-box\" data-id=\"7d48554\" data-element_type=\"widget\" data-widget_type=\"image-box.default\">\n\t\t\t\t<div class=\"elementor-widget-container\">\n\t\t\t\t\t<div class=\"elementor-image-box-wrapper\"><figure class=\"elementor-image-box-img\"><a href=\"#\" tabindex=\"-1\"><img loading=\"lazy\" decoding=\"async\" width=\"1200\" height=\"440\" src=\"https:\/\/www.adiyamanguvenlikkamera.com\/wp-content\/uploads\/2023\/11\/otopark-bariyer-sistemleri.jpg\" class=\"attachment-full size-full wp-image-873\" alt=\"\" srcset=\"https:\/\/www.adiyamanguvenlikkamera.com\/wp-content\/uploads\/2023\/11\/otopark-bariyer-sistemleri.jpg 1200w, https:\/\/www.adiyamanguvenlikkamera.com\/wp-content\/uploads\/2023\/11\/otopark-bariyer-sistemleri-300x110.jpg 300w, https:\/\/www.adiyamanguvenlikkamera.com\/wp-content\/uploads\/2023\/11\/otopark-bariyer-sistemleri-1024x375.jpg 1024w, https:\/\/www.adiyamanguvenlikkamera.com\/wp-content\/uploads\/2023\/11\/otopark-bariyer-sistemleri-768x282.jpg 768w\" sizes=\"(max-width: 1200px) 100vw, 1200px\" \/><\/a><\/figure><div class=\"elementor-image-box-content\"><h4 class=\"elementor-image-box-title\"><a href=\"#\">Ara\u00e7 Kontrol Ge\u00e7i\u015f Sistemleri<\/a><\/h4><p class=\"elementor-image-box-description\"> Ara\u00e7 Kontrol Ge\u00e7i\u015f Sistemleri, ara\u00e7 trafi\u011fini d\u00fczenlemek, yetkilendirilmi\u015f ara\u00e7lar\u0131n belirli b\u00f6lgelere giri\u015fini y\u00f6netmek ve tesis g\u00fcvenli\u011fini art\u0131rmak i\u00e7in tasarlanm\u0131\u015f y\u00fcksek teknoloji \u00e7\u00f6z\u00fcmlerdir. Ara\u00e7lar\u0131n g\u00fcvenli ve izlenir bir \u015fekilde ge\u00e7i\u015fini sa\u011flamak i\u00e7in bu sistemleri kullan\u0131n. <\/p><\/div><\/div>\t\t\t\t<\/div>\n\t\t\t\t<\/div>\n\t\t\t\t<div class=\"elementor-element elementor-element-4788ad1 elementor-widget__width-initial elementor-widget-mobile__width-inherit elementor-widget-tablet__width-initial elementor-position-top elementor-widget elementor-widget-image-box\" data-id=\"4788ad1\" data-element_type=\"widget\" data-widget_type=\"image-box.default\">\n\t\t\t\t<div class=\"elementor-widget-container\">\n\t\t\t\t\t<div class=\"elementor-image-box-wrapper\"><figure class=\"elementor-image-box-img\"><a href=\"#\" tabindex=\"-1\"><img loading=\"lazy\" decoding=\"async\" width=\"368\" height=\"240\" src=\"https:\/\/www.adiyamanguvenlikkamera.com\/wp-content\/uploads\/2021\/05\/security-service-service-6.jpg\" class=\"attachment-full size-full wp-image-45\" alt=\"\" srcset=\"https:\/\/www.adiyamanguvenlikkamera.com\/wp-content\/uploads\/2021\/05\/security-service-service-6.jpg 368w, https:\/\/www.adiyamanguvenlikkamera.com\/wp-content\/uploads\/2021\/05\/security-service-service-6-300x196.jpg 300w\" sizes=\"(max-width: 368px) 100vw, 368px\" \/><\/a><\/figure><div class=\"elementor-image-box-content\"><h4 class=\"elementor-image-box-title\"><a href=\"#\"> Kap\u0131 Kontrol Sistemleri<\/a><\/h4><p class=\"elementor-image-box-description\">Kap\u0131 kontrol sistemleri, i\u015fletmelerin ve tesislerin g\u00fcvenli\u011fini art\u0131rmak i\u00e7in kullan\u0131lan g\u00fcvenilir \u00e7\u00f6z\u00fcmlerdir. Bu sistemler, yetkilendirilmi\u015f ki\u015filerin belirli kap\u0131lardan ge\u00e7i\u015fini d\u00fczenler ve izler, b\u00f6ylece eri\u015fim kontrol\u00fc sa\u011flar. <\/p><\/div><\/div>\t\t\t\t<\/div>\n\t\t\t\t<\/div>\n\t\t\t\t<div class=\"elementor-element elementor-element-ffa1678 elementor-widget__width-initial elementor-widget-mobile__width-inherit elementor-widget-tablet__width-initial elementor-position-top elementor-widget elementor-widget-image-box\" data-id=\"ffa1678\" data-element_type=\"widget\" data-widget_type=\"image-box.default\">\n\t\t\t\t<div class=\"elementor-widget-container\">\n\t\t\t\t\t<div class=\"elementor-image-box-wrapper\"><figure class=\"elementor-image-box-img\"><a href=\"#\" tabindex=\"-1\"><img loading=\"lazy\" decoding=\"async\" width=\"300\" height=\"196\" src=\"https:\/\/www.adiyamanguvenlikkamera.com\/wp-content\/uploads\/2023\/11\/ip-interkom-sistemi-nedir-kullanim-avantajlari-nelerdir-.jpg\" class=\"attachment-full size-full wp-image-904\" alt=\"\" \/><\/a><\/figure><div class=\"elementor-image-box-content\"><h4 class=\"elementor-image-box-title\"><a href=\"#\"> \u0130nterkom Sistemleri<\/a><\/h4><p class=\"elementor-image-box-description\">\u0130nterkom sistemleri, ileti\u015fimi kolayla\u015ft\u0131rmak ve g\u00fcvenli\u011fi art\u0131rmak amac\u0131yla kullan\u0131lan modern ileti\u015fim \u00e7\u00f6z\u00fcmleridir. Bu sistemler, binalar i\u00e7inde ve d\u0131\u015f\u0131nda, ziyaret\u00e7ilerle veya personel aras\u0131nda etkili sesli ve g\u00f6r\u00fcnt\u00fcl\u00fc ileti\u015fim sa\u011flar.<\/p><\/div><\/div>\t\t\t\t<\/div>\n\t\t\t\t<\/div>\n\t\t\t\t\t<\/div>\n\t\t<\/div>\n\t\t\t\t\t<\/div>\n\t\t<\/section>\n\t\t\t\t<section class=\"elementor-section elementor-top-section elementor-element elementor-element-3f9e167 elementor-section-boxed elementor-section-height-default elementor-section-height-default\" data-id=\"3f9e167\" data-element_type=\"section\" data-settings=\"{&quot;background_background&quot;:&quot;classic&quot;}\">\n\t\t\t\t\t\t<div class=\"elementor-container elementor-column-gap-no\">\n\t\t\t\t\t<div class=\"elementor-column elementor-col-100 elementor-top-column elementor-element elementor-element-ab6c65a\" data-id=\"ab6c65a\" data-element_type=\"column\">\n\t\t\t<div class=\"elementor-widget-wrap\">\n\t\t\t\t\t\t\t<\/div>\n\t\t<\/div>\n\t\t\t\t\t<\/div>\n\t\t<\/section>\n\t\t\t\t<\/div>\n\t\t","protected":false},"excerpt":{"rendered":"<p>Hizmetlerimiz \u00dcr\u00fcnler Ad\u0131yaman&#8217;\u0131n g\u00fcvenlik ihtiya\u00e7lar\u0131n\u0131 kar\u015f\u0131lamak i\u00e7in en iyi hizmeti sunuyoruz. G\u00fcvenli\u011finiz bizim i\u00e7in en \u00f6nemli \u00f6nceliktir ve bu nedenle son teknoloji g\u00fcvenlik kamera sistemleri ile donat\u0131lm\u0131\u015f profesyonel hizmetler sunuyoruz AHD ve IP G\u00fcvenlik Kamera Sistemleri AHD ve IP teknolojileri ile donat\u0131lm\u0131\u015f g\u00fcvenlik kamera sistemleri, m\u00fclk\u00fcn\u00fcz\u00fc ve i\u015fletmenizi korumak i\u00e7in y\u00fcksek \u00e7\u00f6z\u00fcn\u00fcrl\u00fck ve g\u00fcvenilirlik sunar. [&hellip;]<\/p>\n","protected":false},"author":1,"featured_media":0,"parent":0,"menu_order":0,"comment_status":"closed","ping_status":"closed","template":"","meta":{"site-sidebar-layout":"no-sidebar","site-content-layout":"page-builder","ast-site-content-layout":"default","site-content-style":"default","site-sidebar-style":"default","ast-global-header-display":"","ast-banner-title-visibility":"","ast-main-header-display":"","ast-hfb-above-header-display":"","ast-hfb-below-header-display":"","ast-hfb-mobile-header-display":"","site-post-title":"disabled","ast-breadcrumbs-content":"disabled","ast-featured-img":"disabled","footer-sml-layout":"","ast-disable-related-posts":"","theme-transparent-header-meta":"enabled","adv-header-id-meta":"","stick-header-meta":"","header-above-stick-meta":"","header-main-stick-meta":"","header-below-stick-meta":"","astra-migrate-meta-layouts":"default","ast-page-background-enabled":"default","ast-page-background-meta":{"desktop":{"background-color":"","background-image":"","background-repeat":"repeat","background-position":"center center","background-size":"auto","background-attachment":"scroll","background-type":"","background-media":"","overlay-type":"","overlay-color":"","overlay-opacity":"","overlay-gradient":""},"tablet":{"background-color":"","background-image":"","background-repeat":"repeat","background-position":"center center","background-size":"auto","background-attachment":"scroll","background-type":"","background-media":"","overlay-type":"","overlay-color":"","overlay-opacity":"","overlay-gradient":""},"mobile":{"background-color":"","background-image":"","background-repeat":"repeat","background-position":"center center","background-size":"auto","background-attachment":"scroll","background-type":"","background-media":"","overlay-type":"","overlay-color":"","overlay-opacity":"","overlay-gradient":""}},"ast-content-background-meta":{"desktop":{"background-color":"var(--ast-global-color-5)","background-image":"","background-repeat":"repeat","background-position":"center center","background-size":"auto","background-attachment":"scroll","background-type":"","background-media":"","overlay-type":"","overlay-color":"","overlay-opacity":"","overlay-gradient":""},"tablet":{"background-color":"var(--ast-global-color-5)","background-image":"","background-repeat":"repeat","background-position":"center center","background-size":"auto","background-attachment":"scroll","background-type":"","background-media":"","overlay-type":"","overlay-color":"","overlay-opacity":"","overlay-gradient":""},"mobile":{"background-color":"var(--ast-global-color-5)","background-image":"","background-repeat":"repeat","background-position":"center center","background-size":"auto","background-attachment":"scroll","background-type":"","background-media":"","overlay-type":"","overlay-color":"","overlay-opacity":"","overlay-gradient":""}},"footnotes":""},"_links":{"self":[{"href":"https:\/\/www.adiyamanguvenlikkamera.com\/index.php\/wp-json\/wp\/v2\/pages\/230"}],"collection":[{"href":"https:\/\/www.adiyamanguvenlikkamera.com\/index.php\/wp-json\/wp\/v2\/pages"}],"about":[{"href":"https:\/\/www.adiyamanguvenlikkamera.com\/index.php\/wp-json\/wp\/v2\/types\/page"}],"author":[{"embeddable":true,"href":"https:\/\/www.adiyamanguvenlikkamera.com\/index.php\/wp-json\/wp\/v2\/users\/1"}],"replies":[{"embeddable":true,"href":"https:\/\/www.adiyamanguvenlikkamera.com\/index.php\/wp-json\/wp\/v2\/comments?post=230"}],"version-history":[{"count":4,"href":"https:\/\/www.adiyamanguvenlikkamera.com\/index.php\/wp-json\/wp\/v2\/pages\/230\/revisions"}],"predecessor-version":[{"id":967,"href":"https:\/\/www.adiyamanguvenlikkamera.com\/index.php\/wp-json\/wp\/v2\/pages\/230\/revisions\/967"}],"wp:attachment":[{"href":"https:\/\/www.adiyamanguvenlikkamera.com\/index.php\/wp-json\/wp\/v2\/media?parent=230"}],"curies":[{"name":"wp","href":"https:\/\/api.w.org\/{rel}","templated":true}]}}